{"id":372,"date":"2019-03-28T10:03:30","date_gmt":"2019-03-28T08:03:30","guid":{"rendered":"https:\/\/wundertier.de\/?page_id=372"},"modified":"2019-03-28T20:36:44","modified_gmt":"2019-03-28T18:36:44","slug":"geschichte","status":"publish","type":"page","link":"https:\/\/wundertier.de\/?page_id=372","title":{"rendered":"wundertiers Geschichte"},"content":{"rendered":"\n<h4 class=\"wp-block-heading\">Im August 1999 &#8230;<\/h4>\n\n\n\n<p>&#8230; umrundet Bertrand Piccard die Erde mit einem Hei\u00dfluftballon. <br>&#8230; wird irgendwo \u2013 wahrscheinlich in China \u2013 der sechsmillionste Mensch geboren.<br>&#8230; st\u00fcrmen die Fantastischen Vier mit ihrem siebten Album \u201e4:99\u201c die Hitparaden.<br>&#8230; feiert Johann Wolfgang von Goethe in Abwesenheit seinen 250. Geburtstag. <br>&#8230; wird\u2019s dunkel. Ganz Deutschland steht auf einem H\u00fcgel bei Karlsruhe und starrt mit Spezialbrille ins Blaue.<br><br><\/p>\n\n\n\n<h4 class=\"wp-block-heading\">Die Gr\u00fcndung<\/h4>\n\n\n\n<p>Und  im August 1999 gr\u00fcnden Annette Schrof und Stefan Seifert in Berlin die  Agentur wundertier. Vielleicht nur ein kleiner Schritt f\u00fcr die  Menschheit. Aber auf jeden Fall ein Riesenschritt f\u00fcr die beiden  Gr\u00fcnder. Sie haben einen Traum:\u00a0 Menschen dabei zu helfen, sich richtig  gut zu pr\u00e4sentieren \u2013 im Netz und auch \u00fcberall sonst. Mit Herz und  Verstand sch\u00f6ne Dinge gestalten. Die Kunden nicht mit  \u201eDesign-Zicken-Alarm\u201c blenden, sondern mit guter Arbeit \u00fcberzeugen.  Erfolg haben \u2013 und dabei doch immer menschlich und pers\u00f6nlich bleiben. <br><br>Annette  Schrof bringt bereits mehrj\u00e4hrige Agentur-Erfahrung mit ins junge Team.  Stefan Seifert stellt den technischen Kopf der Agentur.\u00a0 Es kann  losgehen:\u00a0 Von der Gr\u00fcndung bis zu den ersten Auftr\u00e4gen vergehen nur  wenige Wochen.\u00a0 Schon im Oktober 1999 hat wundertier mit Urban Media  seinen ersten gr\u00f6\u00dferen Kunden. Der Online-Ableger des Berliner  Tagesspiegels l\u00e4sst von wundertier seine Berlin-Portale zitty,  meinberlin und tagesspiegel.de neu gestalten. <br><br>wundertier kommt  mit der richtigen Idee zur richtigen Zeit:\u00a0 Ende 1999 setzen sich neue  Medien wie das Internet auch in der breiten Bev\u00f6lkerung immer mehr  durch. Viele Gemeinden, mittelst\u00e4ndische Unternehmen und Privatpersonen  wollen im Internet pr\u00e4sent sein.\u00a0 Die Auftragsb\u00fccher der Jungunternehmer  sind schon bald voll. Die Zahl der Mitarbeiter w\u00e4chst und ein Umzug von  Berlin nach K\u00f6ln wird gestemmt. Die wundertiere behalten bei allem  Erfolg die Bodenhaftung. Ihr Credo lautet:\u00a0 Wir sind ein \u00fcberschaubares  Team. Das ist unser Vorteil. Denn wir k\u00f6nnen uns Zeit f\u00fcr unsere Kunden  nehmen. Um dann f\u00fcr sie, von Mensch zu Mensch, etwas sehr Pers\u00f6nliches  zu schaffen. Wir k\u00f6nnen uns flexibel in gegebene Strukturen einpassen.  Und wenn wir mit anderen Agenturen zusammen f\u00fcr einen Kunden arbeiten,  dann tun wir das ohne Scheuklappen. \u00a0<br><br>Diese Arbeitsweise zahlt  sich aus: Im Laufe der letzten Jahre hat sich wundertier zu einer  gefragten\u00a0 Spezial-Agentur rund um GUI Design gewandelt. wundertier  verbindet dabei technisches Wissen mit Erkenntnissen aus der  Wahrnehmungspsychologie und k\u00fcnstlerischem Design.\u00a0 So entstehen optisch  ansprechende Benutzer-Oberfl\u00e4chen, die auch Unge\u00fcbte leicht bedienen  k\u00f6nnen und die sich flexibel ihrer jeweiligen technischen Umgebung  anpassen. \u00a0<br><br>Obwohl so klein, begeisterte wundertier auch  ganz Gro\u00dfe \u2013 allein im Jahr 2004 konnte die Agentur Internet-Projekte  f\u00fcr Volkswagen, Audi, Fraport und die Gr\u00fcnen realisieren.\u00a0 Ab 2006  arbeitet wundertier in Projekten f\u00fcr die E-Plus Gruppe und viele andere mehr. Ein erneuter Umzug in 2006 zur\u00fcck nach Berlin wurde vorgenommen, au\u00dferdem entstand in Schwerin eine Zweigstelle, die 2008 ausgebaut wurde. Ende 2014 ging wundertier aus pers\u00f6nlichen Gr\u00fcnden in einen Dornr\u00f6schenschlaf, die Agentur wurde geschlossen. <br><br><\/p>\n\n\n\n<h4 class=\"wp-block-heading\">Alles braucht und hat seine Zeit<\/h4>\n\n\n\n<p>2019 &#8230; <br>Jeder gute K\u00e4se oder Wein braucht eine Zeit zur richtigen Reife. So eine Zeit war f\u00fcr das Tun und Wirken n\u00f6tig.<br>wundertier ist Annette Schrof und besteht nach wie vor, lediglich in der jetzt passenden Form.<br><br><\/p>\n","protected":false},"excerpt":{"rendered":"<p>Im August 1999 &#8230; &#8230; umrundet Bertrand Piccard die Erde mit einem Hei\u00dfluftballon. &#8230; wird irgendwo \u2013 wahrscheinlich in China \u2013 der sechsmillionste Mensch geboren.&#8230; st\u00fcrmen die Fantastischen Vier mit ihrem siebten Album \u201e4:99\u201c die Hitparaden.&#8230; feiert Johann Wolfgang von Goethe in Abwesenheit seinen 250. Geburtstag. &#8230; wird\u2019s dunkel. Ganz Deutschland steht auf einem H\u00fcgel [&hellip;]<\/p>\n","protected":false},"author":2,"featured_media":0,"parent":351,"menu_order":0,"comment_status":"closed","ping_status":"closed","template":"","meta":{"footnotes":""},"class_list":["post-372","page","type-page","status-publish","hentry"],"_links":{"self":[{"href":"https:\/\/wundertier.de\/index.php?rest_route=\/wp\/v2\/pages\/372","targetHints":{"allow":["GET"]}}],"collection":[{"href":"https:\/\/wundertier.de\/index.php?rest_route=\/wp\/v2\/pages"}],"about":[{"href":"https:\/\/wundertier.de\/index.php?rest_route=\/wp\/v2\/types\/page"}],"author":[{"embeddable":true,"href":"https:\/\/wundertier.de\/index.php?rest_route=\/wp\/v2\/users\/2"}],"replies":[{"embeddable":true,"href":"https:\/\/wundertier.de\/index.php?rest_route=%2Fwp%2Fv2%2Fcomments&post=372"}],"version-history":[{"count":5,"href":"https:\/\/wundertier.de\/index.php?rest_route=\/wp\/v2\/pages\/372\/revisions"}],"predecessor-version":[{"id":387,"href":"https:\/\/wundertier.de\/index.php?rest_route=\/wp\/v2\/pages\/372\/revisions\/387"}],"up":[{"embeddable":true,"href":"https:\/\/wundertier.de\/index.php?rest_route=\/wp\/v2\/pages\/351"}],"wp:attachment":[{"href":"https:\/\/wundertier.de\/index.php?rest_route=%2Fwp%2Fv2%2Fmedia&parent=372"}],"curies":[{"name":"wp","href":"https:\/\/api.w.org\/{rel}","templated":true}]}}