{"id":374,"date":"2019-03-28T14:53:05","date_gmt":"2019-03-28T12:53:05","guid":{"rendered":"https:\/\/wundertier.de\/?page_id=374"},"modified":"2019-03-28T20:44:07","modified_gmt":"2019-03-28T18:44:07","slug":"arbeiten","status":"publish","type":"page","link":"https:\/\/wundertier.de\/?page_id=374","title":{"rendered":"Arbeiten"},"content":{"rendered":"\n<h2 class=\"wp-block-heading\">Heute<\/h2>\n\n\n\n<p>wundertier hat sich auf sich selbst fokusiert. Die damalige Gesch\u00e4ftsf\u00fchrerin der Agentur wundertier Annette Schrof ist nach wie vor im kreativen Bereich t\u00e4tig. <\/p>\n\n\n\n<p><strong>Freischaffende K\u00fcnstlerin<br>Konzeption \u2219 Gestaltung \u2219 Produktdesign<\/strong><\/p>\n\n\n\n<p>An einer Seite<em> (Auszug)<\/em>:<br>\u2619  <strong>Christian Friedrich<\/strong>, Ganzheitliche Orthop\u00e4die-Schuhtechnik <a href=\"http:\/\/www.schuhtechnik-im-kiez.de\">www.schuhtechnik-im-kiez.de <\/a><em>(CD, Web, Print, Konzeption)<\/em><br>\u2619   <strong>Kathleen Domnick<\/strong>, Ern\u00e4hrungswissenschaftlerin <a href=\"http:\/\/www.ess-balance.de\">www.ess-balance.de <\/a><em>(CD, Web, Print, Konzeption)<\/em><br>\u2619   <strong>Friedenauer Gemeinschaftsschule<\/strong><em> (CD Entwicklung, grafische Begleitung in vielen Bereichen)<\/em><br>\u2619   <strong>Nachbarschaftsheim Sch\u00f6neberg<\/strong>: <strong>Familienzentrum Friedenau<\/strong> <em>(Konzeption, CD, Web, Print)<\/em><br>\u2619   <strong>Nachbarschaftsheim Sch\u00f6neberg: FrieKids<\/strong> <em>(CD, Print), <\/em><strong>Offene Ganztagsbetreuung der Friedenauer Gemeinschaftsschule<\/strong><em> (Konzeption, Print)<\/em><br><\/p>\n\n\n\n<h4 class=\"wp-block-heading\">\nGR\u00dcNEwolke UG (haftungsbeschr\u00e4nkt) \n\n<\/h4>\n\n\n\n<p>Realisiert werden technische Projekte \u00fcber die GR\u00dcNEwolke UG (haftungsbeschr\u00e4nkt) <br><a href=\"http:\/\/www.GR\u00dcNEwolke.eu\">www.GR\u00dcNEwolke.eu<\/a><br><br><\/p>\n\n\n\n<h4 class=\"wp-block-heading\">Noch Ruhendes<\/h4>\n\n\n\n<p> Die Marke <strong>FANIMAL <\/strong>und der <strong>wundertier Verlag<\/strong> wird derzeit aus pers\u00f6nlichen Gr\u00fcnden auf Sparflamme gefahren. <br><br><br><\/p>\n\n\n\n<h2 class=\"wp-block-heading\">Gestern<\/h2>\n\n\n\n<h4 class=\"wp-block-heading\">Ein Ausflug in die Vergangenheit:<\/h4>\n\n\n\n<p>In den Jahren von 1999 &#8211; Ende 2014 trat wundertier als Agentur f\u00fcr Medien und Kunst auf. Die Leistungen umfassten Spezifikation, Design, HTML-Templating, CSS und CMS, Konzeption, Programmierung, Pflege, Illustration, GUI, Produktdesign und -verpackung.<br>Ende 2014 wurde die Schweriner Zweigstelle und die Zentrale in Berlin aus pers\u00f6nlichen Gr\u00fcnden geschlossen.<br>Gesch\u00e4ftsf\u00fchrerin: Annette Schrof<br><br>Im Folgenden lesen Sie einen Ausschnitt der damaligen Referenzen und Arbeiten.<br><br><\/p>\n\n\n\n<h4 class=\"wp-block-heading\">Spezifikation, Design, HTML-Template, CSS, CMS<\/h4>\n\n\n\n<p><strong>In Zusammenarbeit mit der T-Systems und pro!vision GmbH:<\/strong><br>\u261b     www.fragfinn.de, www.base.de, www.eplus.de, www.volkswagen.de, www.vw-leasing-fleet.de, www.fraport.de, www.greens.eu, www.audi.de und USA, www.gedas.de, www.gruene.de, www.gruene-partei.de<br>&#x2618;     F\u00fcr die oben aufgef\u00fchrten Internetseiten zeichnete wundertier nicht komplett verantwortlich, sondern war ein Teil des Projektteams. <br><br><\/p>\n\n\n\n<h4 class=\"wp-block-heading\">Konzeption, Spezifikation, Design, Programmierung, Pflege, CMS:<\/h4>\n\n\n\n<p><strong>CMS in Zusammenarbeit mit pro!vision GmbH<\/strong><br>\u261b    www.springer-berlin.de, www.ib-schiessl.de, www.hamilton.ie\/compphysiol\/, www.jugendhotel-berlin.de, www.abc-family.de<br>&#x2618;    F\u00fcr die oben aufgef\u00fchrten Internetseiten zeichnete wundertier komplett verantwortlich. Die pro!vision GmbH \u00fcbernahm hier die CMS Umsetzung.<br><br><\/p>\n\n\n\n<h4 class=\"wp-block-heading\">Gui<\/h4>\n\n\n\n<p><strong>In Zusammenarbeit mit der T-Systems und pro!vision GmbH:<\/strong>  <br> \u261b   Poliks der Berliner Polizei, Ratsinformationssystem Stadt M\u00fcnchen, Wiesbaden, Potsdam, Virtuelles B\u00fcrgerb\u00fcro, VisionCMS, Favorit<br> &#x2618;   F\u00fcr die oben aufgef\u00fchrten Arbeiten zeichnete wundertier im<strong> <\/strong>GUI-Bereich komplett verantwortlich.  <br><br><\/p>\n\n\n\n<h4 class=\"wp-block-heading\">Konzeption, Spezifikation, Design, Programmierung, Pflege <\/h4>\n\n\n\n<p> \u261b   www.ds-automation.de, www.stolle-ot.de, www.schreinerei-mittermeier.de, www.bavaria-kur-sporthotel.de, www.ku3ik.de, www.kokoko.de,  www.liebetrau-listservice.de, www.trebbau.de <br> &#x2618;  F\u00fcr die oben aufgef\u00fchrten Internetseiten zeichnete wundertier komplett verantwortlich. <br><br> &#x2618;  <em>Templating mit Design:<\/em>  \u261b   www.meinberlin.de, www.zitty.de, www.tagesspiegel.de, Berliner Wochenblatt  <br> &#x2618;  <em>Design &amp; Ideen:<\/em>  \u261b   Online-Auftritt f\u00fcr den RBB &#8222;Der rasende Reporter&#8220; <br><br><\/p>\n\n\n\n<h4 class=\"wp-block-heading\"> Illustration \/ Flash \/ DVD \/ Produktverpackung:<\/h4>\n\n\n\n<p><strong>Voggenreiter Verlag:&nbsp;<\/strong><br>\u261b    Peter Bursch DVD <em>(Illustrationen und DVD Programmierung),<\/em>Kleine bunte Schulen<em> (Die kleine Mundharmonikaschule, Das bunte Glockenspielset, Die kleiner Blockfl\u00f6tenschule),<\/em>Kinderliederbuch (<em>Sonderausgabe f\u00fcr Rossmann),<\/em> Produktverpackungen Babyklangwelt <br><br>&#x2618;   F\u00fcr die oben aufgef\u00fchrten Arbeiten zeichnete wundertier komplett verantwortlich. <br><br><em>Weitere Ansichten finden Sie im Buchhandel und auf den Seiten des Voggenreiter Musikverlages www.voggenreiter.de. <\/em><\/p>\n\n\n\n<p><br><\/p>\n\n\n\n<p><br><\/p>\n\n\n\n<p><br><\/p>\n\n\n\n<p><br><\/p>\n","protected":false},"excerpt":{"rendered":"<p>Heute wundertier hat sich auf sich selbst fokusiert. Die damalige Gesch\u00e4ftsf\u00fchrerin der Agentur wundertier Annette Schrof ist nach wie vor im kreativen Bereich t\u00e4tig. Freischaffende K\u00fcnstlerinKonzeption \u2219 Gestaltung \u2219 Produktdesign An einer Seite (Auszug):\u2619 Christian Friedrich, Ganzheitliche Orthop\u00e4die-Schuhtechnik www.schuhtechnik-im-kiez.de (CD, Web, Print, Konzeption)\u2619 Kathleen Domnick, Ern\u00e4hrungswissenschaftlerin www.ess-balance.de (CD, Web, Print, Konzeption)\u2619 Friedenauer Gemeinschaftsschule (CD Entwicklung, [&hellip;]<\/p>\n","protected":false},"author":2,"featured_media":0,"parent":351,"menu_order":2,"comment_status":"closed","ping_status":"closed","template":"","meta":{"footnotes":""},"class_list":["post-374","page","type-page","status-publish","hentry"],"_links":{"self":[{"href":"https:\/\/wundertier.de\/index.php?rest_route=\/wp\/v2\/pages\/374","targetHints":{"allow":["GET"]}}],"collection":[{"href":"https:\/\/wundertier.de\/index.php?rest_route=\/wp\/v2\/pages"}],"about":[{"href":"https:\/\/wundertier.de\/index.php?rest_route=\/wp\/v2\/types\/page"}],"author":[{"embeddable":true,"href":"https:\/\/wundertier.de\/index.php?rest_route=\/wp\/v2\/users\/2"}],"replies":[{"embeddable":true,"href":"https:\/\/wundertier.de\/index.php?rest_route=%2Fwp%2Fv2%2Fcomments&post=374"}],"version-history":[{"count":10,"href":"https:\/\/wundertier.de\/index.php?rest_route=\/wp\/v2\/pages\/374\/revisions"}],"predecessor-version":[{"id":389,"href":"https:\/\/wundertier.de\/index.php?rest_route=\/wp\/v2\/pages\/374\/revisions\/389"}],"up":[{"embeddable":true,"href":"https:\/\/wundertier.de\/index.php?rest_route=\/wp\/v2\/pages\/351"}],"wp:attachment":[{"href":"https:\/\/wundertier.de\/index.php?rest_route=%2Fwp%2Fv2%2Fmedia&parent=374"}],"curies":[{"name":"wp","href":"https:\/\/api.w.org\/{rel}","templated":true}]}}