{"id":398,"date":"2019-03-30T20:29:42","date_gmt":"2019-03-30T18:29:42","guid":{"rendered":"https:\/\/wundertier.de\/?page_id=398"},"modified":"2019-03-31T20:18:37","modified_gmt":"2019-03-31T18:18:37","slug":"serie-das-erste-laecheln","status":"publish","type":"page","link":"https:\/\/wundertier.de\/?page_id=398","title":{"rendered":"Serie &#8222;Das erste L\u00e4cheln&#8220;"},"content":{"rendered":"\n<p>Die Serie beinhaltet 9 Zeichnungen, die auf Grundlage von schwarz-wei\u00df Illustrationen entstanden sind. Sie wurden \u00fcber den Umweg der Projektion vergr\u00f6\u00dfert und haben sich im zweiten Schaffensproze\u00df k\u00fcnstlerisch mal mehr mal weniger weiterentwickelt, wobei der Wechsel zur Farbigkeit jedem Werk eine neue Dynamik einhaucht. Ein Formschnitt fokussiert die wundersamen Wesen, die auf schwarzen Hintergrund aufgebracht lebensfroh erstrahlen.<br>\nEs sind die ersten ihrer Art.<\/p>\n\n\n\n<p>Bild mit Rahmung \u00b7 Glasermeister Hans-J\u00fcrgen Arnsmann, <a href=\"http:\/\/www.stilvolleeinrahmungen.de\">www.stilvolleeinrahmungen.de<\/a> <br>Ma\u00dfe: 28&#215;38 cm \u00b7 Posca, Finliner, Aquarellpapier, Karton <br>Preis auf Anfrage.<\/p>\n\n\n\n<div class=\"wp-block-image\"><figure class=\"alignleft\"><img loading=\"lazy\" decoding=\"async\" width=\"139\" height=\"210\" src=\"https:\/\/wundertier.de\/wp-content\/uploads\/2019\/03\/wt_pic_ID172kleeblatt2.jpg\" alt=\"\" class=\"wp-image-402\"\/><figcaption>ID172kleeblatt+2<\/figcaption><\/figure><\/div>\n\n\n\n<div class=\"wp-block-image\"><figure class=\"alignleft\"><img loading=\"lazy\" decoding=\"async\" width=\"139\" height=\"210\" src=\"https:\/\/wundertier.de\/wp-content\/uploads\/2019\/03\/wt_pic_ID1693.jpg\" alt=\"\" class=\"wp-image-401\"\/><figcaption>ID169+3<\/figcaption><\/figure><\/div>\n\n\n\n<div class=\"wp-block-image\"><figure class=\"alignleft\"><img loading=\"lazy\" decoding=\"async\" width=\"139\" height=\"210\" src=\"https:\/\/wundertier.de\/wp-content\/uploads\/2019\/03\/wt_pic_ID83sternmitschweif2.jpg\" alt=\"\" class=\"wp-image-400\"\/><figcaption>ID83sternmitschweif+2<\/figcaption><\/figure><\/div>\n\n\n\n<div class=\"wp-block-image\"><figure class=\"alignleft\"><img loading=\"lazy\" decoding=\"async\" width=\"139\" height=\"210\" src=\"https:\/\/wundertier.de\/wp-content\/uploads\/2019\/03\/wt_pic_ID173rollator2.jpg\" alt=\"\" class=\"wp-image-405\"\/><figcaption>ID173rollator+2<\/figcaption><\/figure><\/div>\n\n\n\n<figure class=\"wp-block-image\"><img loading=\"lazy\" decoding=\"async\" width=\"139\" height=\"210\" src=\"https:\/\/wundertier.de\/wp-content\/uploads\/2019\/03\/wt_pic_ID3642.jpg\" alt=\"\" class=\"wp-image-406\"\/><figcaption>ID364+2<\/figcaption><\/figure>\n\n\n\n<div class=\"wp-block-image\"><figure class=\"alignleft\"><img loading=\"lazy\" decoding=\"async\" width=\"139\" height=\"210\" src=\"https:\/\/wundertier.de\/wp-content\/uploads\/2019\/03\/wt_pic_ID5692.jpg\" alt=\"\" class=\"wp-image-408\"\/><figcaption>ID569+2<\/figcaption><\/figure><\/div>\n\n\n\n<div class=\"wp-block-image\"><figure class=\"alignleft\"><img loading=\"lazy\" decoding=\"async\" width=\"139\" height=\"210\" src=\"https:\/\/wundertier.de\/wp-content\/uploads\/2019\/03\/wt_pic_ID5662.jpg\" alt=\"\" class=\"wp-image-407\"\/><figcaption>ID566+2<\/figcaption><\/figure><\/div>\n\n\n\n<div class=\"wp-block-image\"><figure class=\"alignleft\"><img loading=\"lazy\" decoding=\"async\" width=\"278\" height=\"210\" src=\"https:\/\/wundertier.de\/wp-content\/uploads\/2019\/03\/wt_pic_ID172superheld2.jpg\" alt=\"\" class=\"wp-image-404\"\/><figcaption>ID172sternenroboter+2<\/figcaption><\/figure><\/div>\n\n\n\n<div class=\"wp-block-image\"><figure class=\"alignleft\"><img loading=\"lazy\" decoding=\"async\" width=\"278\" height=\"210\" src=\"https:\/\/wundertier.de\/wp-content\/uploads\/2019\/03\/wt_pic_ID172sternenroboter2.jpg\" alt=\"\" class=\"wp-image-403\"\/><figcaption>ID172superheld+2<\/figcaption><\/figure><\/div>\n\n\n\n<h4 class=\"wp-block-heading\">Bilder in Ausstellung:<\/h4>\n\n\n\n<p>Bilderausstellung 12. und 13. April 2019 in Traunstein bei den Hom\u00f6opathietagen Traunstein. <br><a href=\"https:\/\/wundertier.de\/?page_id=438\">Zusammen mit dem Bild &#8222;Ph\u00f6nix&#8220;.<\/a><\/p>\n\n\n\n<figure class=\"wp-block-embed-wordpress wp-block-embed is-type-wp-embed is-provider-kompetenzzentrum-homoopathie\"><div class=\"wp-block-embed__wrapper\">\n<blockquote class=\"wp-embedded-content\" data-secret=\"rIybXZjEtv\"><a href=\"http:\/\/www.kompetenzzentrum-homoeopathie.de\/6-traunsteiner-homoeopathietage\/\">6. Traunsteiner Hom\u00f6opathietage<\/a><\/blockquote><iframe loading=\"lazy\" class=\"wp-embedded-content\" sandbox=\"allow-scripts\" security=\"restricted\" style=\"position: absolute; clip: rect(1px, 1px, 1px, 1px);\" src=\"http:\/\/www.kompetenzzentrum-homoeopathie.de\/6-traunsteiner-homoeopathietage\/embed\/#?secret=rIybXZjEtv\" data-secret=\"rIybXZjEtv\" width=\"600\" height=\"338\" title=\"&#8222;6. Traunsteiner Hom\u00f6opathietage&#8220; &#8212; Kompetenzzentrum Hom\u00f6opathie\" frameborder=\"0\" marginwidth=\"0\" marginheight=\"0\" scrolling=\"no\"><\/iframe>\n<\/div><figcaption> \u261b   Link zur Internetseite des Kompetenzzentrums Hom\u00f6opathie<\/figcaption><\/figure>\n\n\n\n<div class=\"wp-block-button\"><a class=\"wp-block-button__link\" href=\"https:\/\/wundertier.de\/?page_id=470\">Link zu: Ausstellungen<\/a><\/div>\n","protected":false},"excerpt":{"rendered":"<p>Die Serie beinhaltet 9 Zeichnungen, die auf Grundlage von schwarz-wei\u00df Illustrationen entstanden sind. Sie wurden \u00fcber den Umweg der Projektion vergr\u00f6\u00dfert und haben sich im zweiten Schaffensproze\u00df k\u00fcnstlerisch mal mehr mal weniger weiterentwickelt, wobei der Wechsel zur Farbigkeit jedem Werk eine neue Dynamik einhaucht. Ein Formschnitt fokussiert die wundersamen Wesen, die auf schwarzen Hintergrund aufgebracht [&hellip;]<\/p>\n","protected":false},"author":2,"featured_media":0,"parent":351,"menu_order":0,"comment_status":"closed","ping_status":"closed","template":"","meta":{"footnotes":""},"class_list":["post-398","page","type-page","status-publish","hentry"],"_links":{"self":[{"href":"https:\/\/wundertier.de\/index.php?rest_route=\/wp\/v2\/pages\/398","targetHints":{"allow":["GET"]}}],"collection":[{"href":"https:\/\/wundertier.de\/index.php?rest_route=\/wp\/v2\/pages"}],"about":[{"href":"https:\/\/wundertier.de\/index.php?rest_route=\/wp\/v2\/types\/page"}],"author":[{"embeddable":true,"href":"https:\/\/wundertier.de\/index.php?rest_route=\/wp\/v2\/users\/2"}],"replies":[{"embeddable":true,"href":"https:\/\/wundertier.de\/index.php?rest_route=%2Fwp%2Fv2%2Fcomments&post=398"}],"version-history":[{"count":10,"href":"https:\/\/wundertier.de\/index.php?rest_route=\/wp\/v2\/pages\/398\/revisions"}],"predecessor-version":[{"id":595,"href":"https:\/\/wundertier.de\/index.php?rest_route=\/wp\/v2\/pages\/398\/revisions\/595"}],"up":[{"embeddable":true,"href":"https:\/\/wundertier.de\/index.php?rest_route=\/wp\/v2\/pages\/351"}],"wp:attachment":[{"href":"https:\/\/wundertier.de\/index.php?rest_route=%2Fwp%2Fv2%2Fmedia&parent=398"}],"curies":[{"name":"wp","href":"https:\/\/api.w.org\/{rel}","templated":true}]}}