{"id":739,"date":"2019-04-10T15:13:25","date_gmt":"2019-04-10T13:13:25","guid":{"rendered":"https:\/\/wundertier.de\/?page_id=739"},"modified":"2019-05-06T13:17:13","modified_gmt":"2019-05-06T11:17:13","slug":"%c2%a7","status":"publish","type":"page","link":"https:\/\/wundertier.de\/?page_id=739","title":{"rendered":"\u00a7"},"content":{"rendered":"\n<h4 class=\"wp-block-heading\">\u00a7 1 Geltungsbereich und Anbieter<\/h4>\n\n\n\n<p>wundertier arbeitet mit GR\u00dcNEwolke UG (haftungsbeschr\u00e4nkt) zusammen. Auftragsarbeiten und Shop-Angelegenheiten werden dar\u00fcber abgewickelt.<\/p>\n\n\n\n<ol class=\"wp-block-list\"><li>Diese Allgemeinen Gesch\u00e4ftsbedingungen gelten f\u00fcr alle Bestellungen, die Sie bei dem Online-Shop der <strong>GR\u00dcNEwolke UG (haftungsbeschr\u00e4nkt), <\/strong> <strong>K\u00fchler Weg 7, <\/strong><strong>14055 Berlin, <\/strong><strong>Gesch\u00e4ftsf\u00fchrer: Matthias Steinig&nbsp;<\/strong> t\u00e4tigen.<\/li><li>&nbsp;Das Warenangebot in unserem Online-Shop richtet sich ausschlie\u00dflich an K\u00e4ufer, die das 18. Lebensjahr vollendet haben.<\/li><li>&nbsp;Unsere Lieferungen, Leistungen und Angebote erfolgen ausschlie\u00dflich\n auf der Grundlage dieser Allgemeinen Gesch\u00e4ftsbedingungen. Die \nAllgemeinen<br>\nGesch\u00e4ftsbedingungen gelten gegen\u00fcber Unternehmen somit auch f\u00fcr alle \nk\u00fcnftigen Gesch\u00e4ftsbeziehungen, auch wenn sie nicht nochmals \nausdr\u00fccklich<br>\nvereinbart werden. Der Einbeziehung von Allgemeinen Gesch\u00e4ftsbedingungen\n eines Kunden, die unseren Allgemeinen Gesch\u00e4ftsbedingungen \nwidersprechen, wird schon jetzt widersprochen.<\/li><li>Vertragssprache ist ausschlie\u00dflich deutsch.<\/li><li>Sie k\u00f6nnen die derzeit g\u00fcltigen Allgemeinen Gesch\u00e4ftsbedingungen auf der Website abrufen und ausdrucken.<\/li><\/ol>\n\n\n\n<h4 class=\"wp-block-heading\">\u00a7 2 Vertragsschluss<\/h4>\n\n\n\n<ol class=\"wp-block-list\"><li>Die Warenpr\u00e4sentation im Online-Shop stellt keinen verbindlichen \nAntrag auf den Abschluss eines Kaufvertrages dar. Vielmehr handelt es \nsich um eine unverbindliche Aufforderung, im Online-Shop Waren zu \nbestellen.<\/li><li>Mit der \u00dcbertragung des Betrags \u00fcber das von ihnen gew\u00e4hlte \nLightning Payment System geben Sie ein verbindliches Kaufangebot ab (\u00a7 \n145 BGB).<\/li><li>Nach Eingang des Kaufangebots erhalten Sie eine automatisch erzeugte\n E-Mail, mit der wir best\u00e4tigen, dass wir Ihre Bestellung erhalten haben\n (Eingangsbest\u00e4tigung). Diese Eingangsbest\u00e4tigung stellt noch keine \nAnnahme Ihres Kaufangebots dar. Ein Vertrag kommt durch die \nEingangsbest\u00e4tigung noch nicht zustande.<\/li><li>Ein Kaufvertrag \u00fcber die Ware kommt erst zustande, wenn wir \nausdr\u00fccklich die Annahme des Kaufangebots erkl\u00e4ren (Auftragsbest\u00e4tigung)\n oder wenn wir die Ware \u2013 ohne vorherige ausdr\u00fcckliche Annahmeerkl\u00e4rung \u2013\n an Sie versenden.<\/li><\/ol>\n\n\n\n<h4 class=\"wp-block-heading\">\u00a7 3 Preise<\/h4>\n\n\n\n<ol class=\"wp-block-list\"><li>Die auf den Produktseiten genannten Preise verstehen sich \ngrunds\u00e4tzlich exklusiv der gesetzlichen Mehrwertsteuer und zzgl. der \njeweiligen Versandkosten. F\u00fcr Produkte die in die EU geliefert werden, \nwird die gesetzliche Mehrwertsteuer beim Bezahlen automatisch zum \nWarenpreis addiert.<\/li><\/ol>\n\n\n\n<h4 class=\"wp-block-heading\">\u00a7 4 Zahlungsbedingungen; Verzug<\/h4>\n\n\n\n<ol class=\"wp-block-list\"><li>Die Zahlung erfolgt ausschlie\u00dflich mit Lightning dem Micropayment System von Bitcoin.<\/li><li>Die Auswahl der jeweils verf\u00fcgbaren Bezahlmethoden obliegt uns. Wir \nbehalten uns insbesondere vor, Ihnen f\u00fcr die Bezahlung nur ausgew\u00e4hlte \nBezahlmethoden anzubieten, beispielweise zur Absicherung unseres \nKreditrisikos nur Vorkasse.<\/li><\/ol>\n\n\n\n<h4 class=\"wp-block-heading\">\u00a7 5 Aufrechnung\/Zur\u00fcckbehaltungsrecht<\/h4>\n\n\n\n<ol class=\"wp-block-list\"><li>Ein Recht zur Aufrechnung steht Ihnen nur dann zu, wenn Ihre \nGegenforderung rechtskr\u00e4ftig festgestellt worden ist, von uns nicht \nbestritten oder anerkannt wird oder in einem engen synallagmatischen \nVerh\u00e4ltnis zu unserer Forderung steht.<\/li><li>Sie k\u00f6nnen ein Zur\u00fcckbehaltungsrecht nur aus\u00fcben, soweit Ihre Gegenforderung auf demselben Vertragsverh\u00e4ltnis beruht.<\/li><\/ol>\n\n\n\n<h4 class=\"wp-block-heading\">\u00a7 6 Lieferung; Eigentumsvorbehalt<\/h4>\n\n\n\n<ol class=\"wp-block-list\"><li>Sofern nicht anders vereinbart, erfolgt die Lieferung der Ware von unserem Lager an die von Ihnen angegebene Adresse.<\/li><li>Die Ware bleibt bis zur vollst\u00e4ndigen Zahlung des Kaufpreises unser Eigentum.<\/li><li>Wir sind ausnahmsweise nicht zur Lieferung der bestellten Ware \nverpflichtet, wenn wir die Ware unsererseits ordnungsgem\u00e4\u00df bestellt \nhaben, jedoch nicht<br>\nrichtig oder rechtzeitig beliefert wurden (kongruentes \nDeckungsgesch\u00e4ft). Voraussetzung ist, dass wir die fehlende \nWarenverf\u00fcgbarkeit nicht zu vertreten haben und Sie \u00fcber diesen Umstand \nunverz\u00fcglich informiert haben. Zudem d\u00fcrfen wir nicht das Risiko der \nBeschaffung der bestellten Ware \u00fcbernommen haben. Bei entsprechender \nNichtverf\u00fcgbarkeit der Ware werden wir Ihnen bereits geleistete \nZahlungen unverz\u00fcglich erstatten. Das Risiko, eine bestellte Ware \nbesorgen zu m\u00fcssen (Beschaffungsrisiko), \u00fcbernehmen wir nicht. Dies gilt\n auch bei der Bestellung von Waren, die nur ihrer Art und ihren \nMerkmalen nach beschrieben ist (Gattungswaren). Wir sind nur zur \nLieferung aus unserem Warenvorrat und der von uns bei unseren \nLieferanten bestellten Waren verpflichtet.<\/li><li>Wenn Sie Unternehmer im Sinne des \u00a7 14 BGB sind, gilt erg\u00e4nzend Folgendes:<\/li><\/ol>\n\n\n\n<ul class=\"wp-block-list\"><li>Wir behalten uns das Eigentum an der Ware bis zum vollst\u00e4ndigen \nAusgleich aller Forderungen aus der laufenden Gesch\u00e4ftsbeziehung vor. \nVor \u00dcbergang des Eigentums an der Vorbehaltsware ist eine Verpf\u00e4ndung \noder Sicherheits\u00fcbereignung nicht zul\u00e4ssig.<\/li><li>Sie d\u00fcrfen die Ware im ordentlichen Gesch\u00e4ftsgang weiterverkaufen. \nF\u00fcr diesen Fall treten Sie bereits jetzt alle Forderungen in H\u00f6he des \nRechnungsbetrages, die Ihnen aus dem Weiterverkauf erwachsen, an uns ab.\n Wir nehmen die Abtretung an, Sie sind jedoch zur Einziehung der \nForderungen erm\u00e4chtigt. Soweit Sie Ihren Zahlungsverpflichtungen nicht \nordnungsgem\u00e4\u00df nachkommen, behalten wir uns das Recht vor, Forderungen \nselbst einzuziehen.<\/li><li>Bei Verbindung und Vermischung der Vorbehaltsware erwerben wir \nMiteigentum an der neuen Sache im Verh\u00e4ltnis des Rechnungswertes der \nVorbehaltsware zu den anderen verarbeiteten Gegenst\u00e4nden zum Zeitpunkt \nder Verarbeitung.<\/li><li>Wir verpflichteten uns, die uns zustehenden Sicherheiten auf \nVerlangen insoweit freizugeben, als der realisierbare Wert unserer \nSicherheiten die zu sichernden Forderungen um mehr als 10 % \u00fcbersteigt. \nDie Auswahl der freizugebenden Sicherheiten obliegt uns.<\/li><\/ul>\n\n\n\n<h4 class=\"wp-block-heading\">\u00a7 7 Widerrufsbelehrung<\/h4>\n\n\n\n<p><strong>F\u00fcr den Fall, dass Sie Verbraucher im Sinne des \u00a7 13 BGB \nsind, also den Kauf zu Zwecken t\u00e4tigen, die \u00fcberwiegend weder Ihrer \ngewerblichen noch Ihrer selbst\u00e4ndigen beruflichen T\u00e4tigkeit zugerechnet \nwerden k\u00f6nnen, haben Sie ein Widerrufsrecht nach Ma\u00dfgabe der folgenden \nBestimmungen. <\/strong><\/p>\n\n\n\n<p><strong>Widerrufsrecht:<\/strong><\/p>\n\n\n\n<p><strong>Sie haben das Recht, binnen vierzehn Tagen ohne Angabe von \nGr\u00fcnden diesen Vertrag zu widerrufen. Die Widerrufsfrist betr\u00e4gt \nvierzehn Tage ab dem Tag, an dem Sie oder ein von Ihnen benannter \nDritter, der nicht der Bef\u00f6rderer ist, die Waren in Besitz genommen \nhaben bzw. hat.<\/strong><\/p>\n\n\n\n<p><strong>Um Ihr Widerrufsrecht auszu\u00fcben, m\u00fcssen Sie uns<\/strong><br>\nFirma:<br>\nAdresse:<br>\nE-Mail:<br>\nTelefon:<br>\nFax:<\/p>\n\n\n\n<p><strong>mittels einer eindeutigen Erkl\u00e4rung (z. B. ein mit der Post \nversandter Brief, Telefax oder E-Mail) \u00fcber Ihren Entschluss, diesen \nVertrag zu widerrufen, informieren. Sie k\u00f6nnen daf\u00fcr das beigef\u00fcgte \nMuster-Widerrufsformular verwenden, das jedoch nicht vorgeschrieben ist.<\/strong><\/p>\n\n\n\n<p><strong>Zur Wahrung der Widerrufsfrist reicht es aus, dass Sie die \nMitteilung \u00fcber die Aus\u00fcbung des Widerrufsrechts vor Ablauf der \nWiderrufsfrist absenden.<\/strong><\/p>\n\n\n\n<p><strong>Folgen des Widerrufs:<\/strong><\/p>\n\n\n\n<p><strong>Wenn Sie diesen Vertrag widerrufen, haben wir Ihnen alle Zahlungen, die wir <\/strong><strong>von Ihnen erhalten haben, einschlie\u00dflich der Lieferkosten (mit Ausnahme der<\/strong><br>\n<strong>zus\u00e4tzlichen Kosten, die sich daraus ergeben, dass Sie eine andere Art der<\/strong> <strong>Lieferung als die von uns angebotene, g\u00fcnstigste Standardlieferung gew\u00e4hlt<\/strong><br>\n<strong>haben), unverz\u00fcglich und sp\u00e4testens binnen vierzehn Tagen ab dem Tag<\/strong> <strong>zur\u00fcckzuzahlen, an dem die Mitteilung \u00fcber Ihren Widerruf dieses Vertrags bei<\/strong><br>\n<strong>uns eingegangen ist. F\u00fcr diese R\u00fcckzahlung verwenden wir dasselbe<\/strong> <strong>Zahlungsmittel, das Sie bei der urspr\u00fcnglichen Transaktion eingesetzt haben,<\/strong><br>\n<strong>es sei denn, mit Ihnen wurde ausdr\u00fccklich etwas anderes vereinbart; in keinem <\/strong><strong>Fall werden Ihnen wegen dieser R\u00fcckzahlung Entgelte berechnet.<\/strong><\/p>\n\n\n\n<p><strong>Wir k\u00f6nnen die R\u00fcckzahlung verweigern, bis wir die Waren wieder zur\u00fcck<\/strong><strong>erhalten haben oder bis Sie den Nachweis erbracht haben, dass Sie die Waren<\/strong><br>\n<strong>zur\u00fcckgesandt haben, je nachdem, welches der fr\u00fchere Zeitpunkt ist.<\/strong><\/p>\n\n\n\n<p><strong>Sie haben die Waren unverz\u00fcglich und in jedem Fall sp\u00e4testens binnen vierzehn <\/strong><strong>Tagen ab dem Tag, an dem Sie uns \u00fcber den Widerruf dieses Vertrags <\/strong><strong>unterrichten, an uns oder an <em>[ggf. Name und Anschrift einer von Ihnen zur <\/em><\/strong><strong><em>Entgegennahme der Ware berechtigten Person]<\/em> zur\u00fcckzusenden oder zu <\/strong><strong>\u00fcbergeben. Die Frist ist gewahrt, wenn Sie die Waren vor Ablauf der Frist von <\/strong><strong>vierzehn Tagen absenden.<\/strong><\/p>\n\n\n\n<p><strong>Sie tragen die unmittelbaren Kosten der R\u00fccksendung der Waren. <\/strong><\/p>\n\n\n\n<p><strong>Sie m\u00fcssen f\u00fcr einen etwaigen Wertverlust der Waren nur aufkommen, wenn<\/strong> <strong>dieser Wertverlust auf einen zur Pr\u00fcfung der Beschaffenheit, Eigenschaften und <\/strong><strong>Funktionsweise der Waren nicht notwendigen Umgang mit ihnen<\/strong> <strong>zur\u00fcckzuf\u00fchren ist.<\/strong><\/p>\n\n\n\n<h4 class=\"wp-block-heading\">Muster-Widerrufsformular<\/h4>\n\n\n\n<p>Wenn Sie den Vertrag widerrufen wollen, dann f\u00fcllen Sie bitte dieses Formular aus und senden Sie es zur\u00fcck.<\/p>\n\n\n\n<p>An<\/p>\n\n\n\n<p>Firma:<br>\nAdresse:<\/p>\n\n\n\n<p>E-Mail:<br>\nFax:<\/p>\n\n\n\n<p>Hiermit widerrufe(n) ich\/wir (*) den von mir\/uns (*) abgeschlossenen Vertrag \u00fcber den Kauf der folgenden Waren (*):<\/p>\n\n\n\n<p>Bestellt am (*)\/erhalten am (*)<br>\nName des\/der Verbraucher(s):<br>\nAnschrift des\/der Verbraucher(s):<\/p>\n\n\n\n<p>Unterschrift des\/der Verbraucher(s) (nur bei Mitteilung auf Papier)<\/p>\n\n\n\n<p>Datum<\/p>\n\n\n\n<p>(*) Unzutreffendes streichen.<\/p>\n\n\n\n<p><strong>Ende der Widerrufsbelehrung<\/strong><\/p>\n\n\n\n<p>Das Widerrufsrecht besteht nicht bei der Lieferung<\/p>\n\n\n\n<ul class=\"wp-block-list\"><li>von Waren, die nicht vorgefertigt sind und f\u00fcr deren Herstellung \neine individuelle Auswahl oder Bestimmung durch den Verbraucher \nma\u00dfgeblich ist oder die&nbsp; eindeutig auf die pers\u00f6nlichen Bed\u00fcrfnisse des \nVerbrauchers zugeschnitten sind (z. B. T-Shirts mit Ihrem Foto und Ihrem\n Namen),<\/li><li>versiegelter Waren, die aus Gr\u00fcnden des Gesundheitsschutzes oder der\n Hygiene nicht zur R\u00fcckgabe geeignet sind, wenn ihre Versiegelung nach \nder Lieferung entfernt wurde,<\/li><li>von Waren, wenn diese nach der Lieferung auf Grund ihrer \nBeschaffenheit untrennbar mit anderen G\u00fctern vermischt wurden, von Ton- \noder Videoaufnahmen oder Computersoftware in einer versiegelten Packung,\n wenn die Versiegelung nach der Lieferung entfernt wurde,<\/li><li>von Zeitungen, Zeitschriften oder Illustrierten mit Ausnahme von Abonnement-Vertr\u00e4gen.<\/li><\/ul>\n\n\n\n<ol class=\"wp-block-list\"><li>Bitte vermeiden Sie Besch\u00e4digungen und Verunreinigungen. Senden Sie \ndie Ware bitte m\u00f6glichst in Originalverpackung mit s\u00e4mtlichem Zubeh\u00f6r \nund mit allen Verpackungsbestandteilen an uns zur\u00fcck. Verwenden Sie ggf.\n eine sch\u00fctzende Umverpackung. Wenn Sie die Originalverpackung nicht \nmehr besitzen, sorgen Sie bitte mit einer geeigneten Verpackung f\u00fcr \neinen ausreichenden Schutz vor Transportsch\u00e4den, um \nSchadensersatzanspr\u00fcche wegen Besch\u00e4digungen infolge mangelhafter \nVerpackung zu vermeiden.<\/li><li>Bitte rufen Sie vor R\u00fccksendung unter der [+49 30 31509349] bei uns \nan, um die R\u00fccksendung anzuk\u00fcndigen. Auf diese Weise erm\u00f6glichen Sie uns\n eine<br>\nschnellstm\u00f6gliche Zuordnung der Produkte.<\/li><li>Bitte beachten Sie, dass die in den vorstehenden Abs\u00e4tzen 1 und 2 \ngenannten Modalit\u00e4ten nicht Voraussetzung f\u00fcr die wirksame Aus\u00fcbung des \nWiderrufsrechts sind.<\/li><\/ol>\n\n\n\n<h4 class=\"wp-block-heading\">\u00a7 8 Transportsch\u00e4den<\/h4>\n\n\n\n<ol class=\"wp-block-list\"><li>Werden Waren mit offensichtlichen Transportsch\u00e4den angeliefert, so \nreklamieren Sie solche Fehler bitte sofort bei dem Zusteller und nehmen \nSie<br>\nbitte schnellstm\u00f6glich Kontakt zu uns auf.<\/li><li>Die Vers\u00e4umung einer Reklamation oder Kontaktaufnahme hat f\u00fcr Ihre \ngesetzlichen Gew\u00e4hrleistungsrechte keine Konsequenzen. Sie helfen uns \naber,<br>\nunsere eigenen Anspr\u00fcche gegen\u00fcber dem Frachtf\u00fchrer bzw. der Transportversicherung geltend machen zu k\u00f6nnen.<\/li><\/ol>\n\n\n\n<h4 class=\"wp-block-heading\">\u00a7 9 Gew\u00e4hrleistung<\/h4>\n\n\n\n<ol class=\"wp-block-list\"><li>Soweit nicht ausdr\u00fccklich etwas anderes vereinbart ist, richten sich\n Ihre Gew\u00e4hrleistungsanspr\u00fcche nach den gesetzlichen Bestimmungen des \nKaufrechts (\u00a7\u00a7 433 ff. BGB).<\/li><li>Wenn Sie Verbraucher im Sinne des \u00a7 13 BGB sind, betr\u00e4gt die \nVerj\u00e4hrungsfrist f\u00fcr Gew\u00e4hrleistungsanspr\u00fcche bei gebrauchten Sachen \u2013 \nabweichend von den gesetzlichen Bestimmungen \u2013 ein Jahr. Diese \nBeschr\u00e4nkung gilt nicht f\u00fcr Anspr\u00fcche aufgrund von Sch\u00e4den aus der \nVerletzung des Lebens, des K\u00f6rpers oder der Gesundheit oder aus der \nVerletzung einer wesentlichen Vertragspflicht, deren Erf\u00fcllung die \nordnungsgem\u00e4\u00dfe Durchf\u00fchrung des Vertrags \u00fcberhaupt erst erm\u00f6glicht und \nauf deren Einhaltung der Vertragspartner regelm\u00e4\u00dfig vertrauen \ndarf(Kardinalpflicht) sowie f\u00fcr Anspr\u00fcche aufgrund von sonstigen \nSch\u00e4den, die auf einer vors\u00e4tzlichen oder grob fahrl\u00e4ssigen \nPflichtverletzung des Verwenders oder seiner Erf\u00fcllungsgehilfen beruhen.<\/li><li>Im \u00dcbrigen gelten f\u00fcr die Gew\u00e4hrleistung die gesetzlichen Bestimmungen.<\/li><li>Wenn Sie Unternehmer im Sinne des \u00a7 14 BGB sind, gelten die gesetzlichen Bestimmungen mit folgenden Modifikationen:<\/li><\/ol>\n\n\n\n<ul class=\"wp-block-list\"><li>F\u00fcr die Beschaffenheit der Ware sind nur unsere eigenen Angaben und \ndie Produktbeschreibung des Herstellers verbindlich, nicht jedoch \n\u00f6ffentliche Anpreisungen und \u00c4u\u00dferungen und sonstige Werbung des \nHerstellers.<\/li><li>Sie sind verpflichtet, die Ware unverz\u00fcglich und mit der gebotenen \nSorgfalt auf Qualit\u00e4ts- und Mengenabweichungen zu untersuchen und uns \noffensichtliche M\u00e4ngel binnen 7 Tagen ab Empfang der Ware anzuzeigen. \nZur Fristwahrung reicht die rechtzeitige Absendung. Dies gilt auch f\u00fcr<br>\nsp\u00e4ter festgestellte verdeckte M\u00e4ngel ab Entdeckung. Bei Verletzung der \nUntersuchungs- und R\u00fcgepflicht ist die Geltendmachung der Gew\u00e4hr-<br>\nleistungsanspr\u00fcche ausgeschlossen.<\/li><li>Bei M\u00e4ngeln leisten wir nach unserer Wahl Gew\u00e4hr durch Nachbesserung\n oder Ersatzlieferung (Nacherf\u00fcllung). Im Falle der Nachbesserung m\u00fcssen<br>\nwir nicht die erh\u00f6hten Kosten tragen, die durch die Verbringung der Ware\n an einen anderen Ort als den Erf\u00fcllungsort entstehen, sofern die \nVerbringung nicht dem bestimmungsgem\u00e4\u00dfen Gebrauch der Ware entspricht.<\/li><li>Schl\u00e4gt die Nacherf\u00fcllung zweimal fehl, k\u00f6nnen Sie nach Ihrer Wahl Minderung verlangen oder vom Vertrag zur\u00fccktreten.<\/li><li>Die Gew\u00e4hrleistungsfrist betr\u00e4gt ein Jahr ab Ablieferung der Ware.<\/li><\/ul>\n\n\n\n<h4 class=\"wp-block-heading\">\u00a7 10 Haftung<\/h4>\n\n\n\n<ol class=\"wp-block-list\"><li>Unbeschr\u00e4nkte Haftung: Wir haften unbeschr\u00e4nkt f\u00fcr Vorsatz und grobe\n Fahrl\u00e4ssigkeit sowie nach Ma\u00dfgabe des Produkthaftungsgesetzes. F\u00fcr \nleichte<br>\nFahrl\u00e4ssigkeit haften wir bei Sch\u00e4den aus der Verletzung des Lebens, des K\u00f6rpers und der Gesundheit von Personen.<\/li><li>Im \u00dcbrigen gilt folgende beschr\u00e4nkte Haftung: Bei leichter \nFahrl\u00e4ssigkeit haften wir nur im Falle der Verletzung einer wesentlichen\n Vertragspflicht,<br>\nderen Erf\u00fcllung die ordnungsgem\u00e4\u00dfe Durchf\u00fchrung des Vertrags \u00fcberhaupt \nerst erm\u00f6glicht und auf deren Einhaltung Sie regelm\u00e4\u00dfig vertrauen d\u00fcrfen<br>\n(Kardinalpflicht). Die Haftung f\u00fcr leichte Fahrl\u00e4ssigkeit ist der H\u00f6he \nnach beschr\u00e4nkt auf die bei Vertragsschluss vorhersehbaren Sch\u00e4den, mit \nderen<br>\nEntstehung typischerweise gerechnet werden muss. Diese Haftungsbeschr\u00e4nkung gilt auch zugunsten unserer Erf\u00fcllungsgehilfen.<\/li><\/ol>\n\n\n\n<h4 class=\"wp-block-heading\">\u00a7 11 Alternative Streitbeilegung<\/h4>\n\n\n\n<p>Die EU-Kommission hat eine Plattform f\u00fcr au\u00dfergerichtliche \nStreitschlichtung bereitgestellt. Verbrauchern gibt dies die \nM\u00f6glichkeit, Streitigkeiten im Zusammenhang mit Ihrer Online-Bestellung \nzun\u00e4chst ohne die Einschaltung eines Gerichts zu kl\u00e4ren. Die \nStreitbeilegungs-Plattform ist unter dem externen Link<br>\n<a href=\"http:\/\/ec.europa.eu\/consumers\/odr\/\">http:\/\/ec.europa.eu\/consumers\/odr\/<\/a> erreichbar.<\/p>\n\n\n\n<p>Wir sind bem\u00fcht, eventuelle Meinungsverschiedenheiten aus unserem \nVertrag einvernehmlich beizulegen. Dar\u00fcber hinaus sind wir zu einer \nTeilnahme an einem<br>\nSchlichtungsverfahren nicht verpflichtet und k\u00f6nnen Ihnen die Teilnahme an einem solchen Verfahren leider auch nicht anbieten.<\/p>\n\n\n\n<h4 class=\"wp-block-heading\">\u00a7 12 Schlussbestimmungen<\/h4>\n\n\n\n<ol class=\"wp-block-list\"><li>Sollten eine oder mehrere Bestimmungen dieser AGB unwirksam sein \noder werden, wird dadurch die Wirksamkeit der anderen Bestimmungen im \n\u00dcbrigen<br>\nnicht ber\u00fchrt.<\/li><li>Auf Vertr\u00e4ge zwischen uns und Ihnen ist ausschlie\u00dflich deutsches \nRecht anwendbar unter Ausschluss der Bestimmungen der United Nations \nConvention on Contracts for the International Sale of Goods (CISG, \n\u201eUN-Kaufrecht\u201c). Zwingende Bestimmungen des Landes, in dem Sie sich \ngew\u00f6hnlich aufhalten, bleiben von der Rechtswahl unber\u00fchrt.<\/li><li>Sind Sie Kaufmann, juristische Person des \u00f6ffentlichen Rechts oder \n\u00f6ffentlichrechtliches Sonderverm\u00f6gen, so ist unser Gesch\u00e4ftssitz \nGerichtsstand f\u00fcr alle<br>\nStreitigkeiten aus oder im Zusammenhang mit Vertr\u00e4gen zwischen uns und Ihnen.<\/li><\/ol>\n\n\n\n<p>Stand: Mai, 2018<\/p>\n","protected":false},"excerpt":{"rendered":"<p>\u00a7 1 Geltungsbereich und Anbieter wundertier arbeitet mit GR\u00dcNEwolke UG (haftungsbeschr\u00e4nkt) zusammen. Auftragsarbeiten und Shop-Angelegenheiten werden dar\u00fcber abgewickelt. Diese Allgemeinen Gesch\u00e4ftsbedingungen gelten f\u00fcr alle Bestellungen, die Sie bei dem Online-Shop der GR\u00dcNEwolke UG (haftungsbeschr\u00e4nkt), K\u00fchler Weg 7, 14055 Berlin, Gesch\u00e4ftsf\u00fchrer: Matthias Steinig&nbsp; t\u00e4tigen. &nbsp;Das Warenangebot in unserem Online-Shop richtet sich ausschlie\u00dflich an K\u00e4ufer, die das [&hellip;]<\/p>\n","protected":false},"author":2,"featured_media":0,"parent":0,"menu_order":0,"comment_status":"closed","ping_status":"closed","template":"","meta":{"footnotes":""},"class_list":["post-739","page","type-page","status-publish","hentry"],"_links":{"self":[{"href":"https:\/\/wundertier.de\/index.php?rest_route=\/wp\/v2\/pages\/739","targetHints":{"allow":["GET"]}}],"collection":[{"href":"https:\/\/wundertier.de\/index.php?rest_route=\/wp\/v2\/pages"}],"about":[{"href":"https:\/\/wundertier.de\/index.php?rest_route=\/wp\/v2\/types\/page"}],"author":[{"embeddable":true,"href":"https:\/\/wundertier.de\/index.php?rest_route=\/wp\/v2\/users\/2"}],"replies":[{"embeddable":true,"href":"https:\/\/wundertier.de\/index.php?rest_route=%2Fwp%2Fv2%2Fcomments&post=739"}],"version-history":[{"count":4,"href":"https:\/\/wundertier.de\/index.php?rest_route=\/wp\/v2\/pages\/739\/revisions"}],"predecessor-version":[{"id":755,"href":"https:\/\/wundertier.de\/index.php?rest_route=\/wp\/v2\/pages\/739\/revisions\/755"}],"wp:attachment":[{"href":"https:\/\/wundertier.de\/index.php?rest_route=%2Fwp%2Fv2%2Fmedia&parent=739"}],"curies":[{"name":"wp","href":"https:\/\/api.w.org\/{rel}","templated":true}]}}