{"id":293,"date":"2018-08-31T15:55:32","date_gmt":"2018-08-31T13:55:32","guid":{"rendered":"https:\/\/wundertier.de\/?post_type=product&#038;p=293"},"modified":"2019-04-10T13:57:14","modified_gmt":"2019-04-10T11:57:14","slug":"wunderlichter","status":"publish","type":"product","link":"https:\/\/wundertier.de\/?product=wunderlichter","title":{"rendered":"Wunderlichter"},"content":{"rendered":"<h3>Wunderlicht mit 10 unterschiedlichen Motiven<\/h3>\n<hr \/>\n<p><strong>Die Kollektion \u00bbLichtblick\u00ab<\/strong><\/p>\n<p>Einfach, reduziert, mit menschlichen Macken \u2013 der feine Stift schw\u00e4rzt die Fl\u00e4che und l\u00e4sst dennoch Licht durch Motiv und entstandene L\u00fccken brechen. Die Anmutung erinnert an ein Fotonegativ aus inzwischen vergangenen Zeiten. Durch eine Lichtquelle verbreitet der Lichtblick eine Nat\u00fcrlichkeit mit einer angenehmen W\u00e4rme f\u00fcr die Sinne.<\/p>\n<p>Die Kollektion \u00bbLichtblick\u00ab umfa\u00dft zehn klassische Motive.<br \/>\nVerschicken Sie einen Lichtblick oder schenken Sie sich selbst einen!<\/p>\n<hr \/>\n<p><strong>Wunderlichter sind Windlichter und Gru\u00dfkarten in einem!<\/strong><\/p>\n<p>\u261b \u00a0 Nur Teelicht im Glas einsetzen, fertig ist das Windlicht!<br \/>\n\u261b\u00a0\u00a0 Gr\u00fc\u00dfe auf die R\u00fcckseite schreiben, fertig ist die Gru\u00dfkarte!<br \/>\n\u261b\u00a0\u00a0 Wunderlicht in den Umschlag, Adresse drauf, fertig ist das kleine Geschenk!<\/p>\n<hr \/>\n<p><strong>Wunderlichter sind:<br \/>\n<\/strong><\/p>\n<ul>\n<li>verschenkbar<\/li>\n<li>verschickbar<\/li>\n<li>versandf\u00e4hig<\/li>\n<li>beschreibbar<\/li>\n<li>aufstellbar<\/li>\n<li>aufh\u00e4ngbar<\/li>\n<li>beleuchtbar<\/li>\n<\/ul>\n<hr \/>\n<p><strong>Wunderlichter k\u00f6nnen:<\/strong><\/p>\n<ul>\n<li>Dekorieren<\/li>\n<li>Stimmung verbreiten<\/li>\n<li>Licht spenden<\/li>\n<li>Gr\u00fc\u00dfe transportieren<\/li>\n<li>Freude schenken<\/li>\n<\/ul>\n<hr \/>\n<p><em><strong>Tipp:<\/strong><\/em> Konventionelle Teelichter sind sch\u00f6n, sicherer sind aber batteriebetriebene \/ elektrische Teelichter.<\/p>\n<p><span style=\"color: #ff0000;\"><strong>\u00a0\u261b\u00a0\u00a0 Nicht unbeaufsichtigt brennen lassen!\u00a0\u00a0\u00a0\u00a0 <\/strong><\/span>Non pu\u00f2 bruciare senza sorveglianza!\u00a0\u00a0\u00a0\u00a0 Do not keep burning unsupervised.\u00a0\u00a0\u00a0\u00a0 Ne pas laisser allum\u00e9 sans surveillance.\u00a0\u00a0\u00a0\u00a0 No dejar encendida sin vigilancia.<\/p>\n","protected":false},"excerpt":{"rendered":"[caption id=\"attachment_610\" align=\"aligncenter\" width=\"140\"]<img loading=\"lazy\" decoding=\"async\" class=\"size-full wp-image-610\" src=\"https:\/\/wundertier.de\/wp-content\/uploads\/2019\/03\/wunderlichter_sogehts.jpg\" alt=\"Wunderlicht - so geht's\" width=\"140\" height=\"185\" \/> Wunderlicht &#8211; so geht&#8217;s[\/caption]\n<p>&nbsp;<\/p>\n[caption id=\"attachment_612\" align=\"aligncenter\" width=\"300\"]<img loading=\"lazy\" decoding=\"async\" class=\"size-medium wp-image-612\" src=\"https:\/\/wundertier.de\/wp-content\/uploads\/2019\/03\/wunderlicht_ansicht-300x200.jpg\" alt=\"Wunderlichter Ansichten: Vorderseite, R\u00fcckseite, gelber Umschlag\" width=\"300\" height=\"200\" srcset=\"https:\/\/wundertier.de\/wp-content\/uploads\/2019\/03\/wunderlicht_ansicht-300x200.jpg 300w, https:\/\/wundertier.de\/wp-content\/uploads\/2019\/03\/wunderlicht_ansicht-416x277.jpg 416w, https:\/\/wundertier.de\/wp-content\/uploads\/2019\/03\/wunderlicht_ansicht.jpg 600w\" sizes=\"auto, (max-width: 300px) 100vw, 300px\" \/> Wunderlichter Ansichten: Vorderseite, R\u00fcckseite, gelber Umschlag[\/caption]\n","protected":false},"featured_media":611,"template":"","meta":[],"product_brand":[],"product_cat":[63],"product_tag":[69,68,64,66,67,65],"class_list":{"0":"post-293","1":"product","2":"type-product","3":"status-publish","4":"has-post-thumbnail","6":"product_cat-karten","7":"product_tag-dekoration","8":"product_tag-grusskarte","9":"product_tag-karten","10":"product_tag-licht","11":"product_tag-teelicht","12":"product_tag-wunderlicht","14":"first","15":"instock","16":"featured","17":"taxable","18":"shipping-taxable","19":"purchasable","20":"product-type-variable"},"_links":{"self":[{"href":"https:\/\/wundertier.de\/index.php?rest_route=\/wp\/v2\/product\/293","targetHints":{"allow":["GET"]}}],"collection":[{"href":"https:\/\/wundertier.de\/index.php?rest_route=\/wp\/v2\/product"}],"about":[{"href":"https:\/\/wundertier.de\/index.php?rest_route=\/wp\/v2\/types\/product"}],"wp:featuredmedia":[{"embeddable":true,"href":"https:\/\/wundertier.de\/index.php?rest_route=\/wp\/v2\/media\/611"}],"wp:attachment":[{"href":"https:\/\/wundertier.de\/index.php?rest_route=%2Fwp%2Fv2%2Fmedia&parent=293"}],"wp:term":[{"taxonomy":"product_brand","embeddable":true,"href":"https:\/\/wundertier.de\/index.php?rest_route=%2Fwp%2Fv2%2Fproduct_brand&post=293"},{"taxonomy":"product_cat","embeddable":true,"href":"https:\/\/wundertier.de\/index.php?rest_route=%2Fwp%2Fv2%2Fproduct_cat&post=293"},{"taxonomy":"product_tag","embeddable":true,"href":"https:\/\/wundertier.de\/index.php?rest_route=%2Fwp%2Fv2%2Fproduct_tag&post=293"}],"curies":[{"name":"wp","href":"https:\/\/api.w.org\/{rel}","templated":true}]}}